{"id":19,"date":"2023-03-25T12:24:49","date_gmt":"2023-03-25T12:24:49","guid":{"rendered":"https:\/\/www.effectivelifevision.org\/?page_id=19"},"modified":"2023-04-15T10:20:06","modified_gmt":"2023-04-15T10:20:06","slug":"blog","status":"publish","type":"page","link":"https:\/\/effectivelifevision.org\/?page_id=19","title":{"rendered":"Blog"},"content":{"rendered":"\t\t<div data-elementor-type=\"wp-page\" data-elementor-id=\"19\" class=\"elementor elementor-19\" data-elementor-post-type=\"page\">\n\t\t\t\t\t\t<section class=\"elementor-section elementor-top-section elementor-element elementor-element-69bfa43 elementor-section-boxed elementor-section-height-default elementor-section-height-default\" data-id=\"69bfa43\" data-element_type=\"section\">\n\t\t\t\t\t\t<div class=\"elementor-container elementor-column-gap-default\">\n\t\t\t\t\t<div class=\"elementor-column elementor-col-100 elementor-top-column elementor-element elementor-element-308ab24\" data-id=\"308ab24\" data-element_type=\"column\" data-settings=\"{&quot;background_background&quot;:&quot;classic&quot;}\">\n\t\t\t<div class=\"elementor-widget-wrap elementor-element-populated\">\n\t\t\t\t\t\t<div class=\"elementor-element elementor-element-74ecf61 elementor-widget elementor-widget-heading\" data-id=\"74ecf61\" data-element_type=\"widget\" data-widget_type=\"heading.default\">\n\t\t\t\t<div class=\"elementor-widget-container\">\n\t\t\t\t\t<h2 class=\"elementor-heading-title elementor-size-default\">Nous travaillons pour transformation sociale \u00e0 travers une approche holistique\u2026<\/h2>\t\t\t\t<\/div>\n\t\t\t\t<\/div>\n\t\t\t\t\t<\/div>\n\t\t<\/div>\n\t\t\t\t\t<\/div>\n\t\t<\/section>\n\t\t\t\t<section class=\"elementor-section elementor-top-section elementor-element elementor-element-17c897d elementor-section-boxed elementor-section-height-default elementor-section-height-default\" data-id=\"17c897d\" data-element_type=\"section\">\n\t\t\t\t\t\t<div class=\"elementor-container elementor-column-gap-default\">\n\t\t\t\t\t<div class=\"elementor-column elementor-col-100 elementor-top-column elementor-element elementor-element-b5ee5f0\" data-id=\"b5ee5f0\" data-element_type=\"column\">\n\t\t\t<div class=\"elementor-widget-wrap elementor-element-populated\">\n\t\t\t\t\t\t<div class=\"elementor-element elementor-element-8e31811 elementor-grid-4 elementor-grid-tablet-2 elementor-grid-mobile-1 elementor-posts--thumbnail-top elementor-widget elementor-widget-posts\" data-id=\"8e31811\" data-element_type=\"widget\" data-settings=\"{&quot;classic_columns&quot;:&quot;4&quot;,&quot;classic_columns_tablet&quot;:&quot;2&quot;,&quot;classic_columns_mobile&quot;:&quot;1&quot;,&quot;classic_row_gap&quot;:{&quot;unit&quot;:&quot;px&quot;,&quot;size&quot;:35,&quot;sizes&quot;:[]},&quot;classic_row_gap_tablet&quot;:{&quot;unit&quot;:&quot;px&quot;,&quot;size&quot;:&quot;&quot;,&quot;sizes&quot;:[]},&quot;classic_row_gap_mobile&quot;:{&quot;unit&quot;:&quot;px&quot;,&quot;size&quot;:&quot;&quot;,&quot;sizes&quot;:[]}}\" data-widget_type=\"posts.classic\">\n\t\t\t\t<div class=\"elementor-widget-container\">\n\t\t\t\t\t\t\t<div class=\"elementor-posts-container elementor-posts elementor-posts--skin-classic elementor-grid\" role=\"list\">\n\t\t\t\t<article class=\"elementor-post elementor-grid-item post-421 post type-post status-publish format-standard has-post-thumbnail hentry category-accueil\" role=\"listitem\">\n\t\t\t\t<a class=\"elementor-post__thumbnail__link\" href=\"https:\/\/effectivelifevision.org\/?p=421\" tabindex=\"-1\" target=&quot;_blank&quot;>\n\t\t\t<div class=\"elementor-post__thumbnail\"><img fetchpriority=\"high\" decoding=\"async\" width=\"768\" height=\"525\" src=\"https:\/\/effectivelifevision.org\/wp-content\/uploads\/2023\/03\/Featured-Images-1-768x525.jpg\" class=\"attachment-medium_large size-medium_large wp-image-477\" alt=\"\" srcset=\"https:\/\/effectivelifevision.org\/wp-content\/uploads\/2023\/03\/Featured-Images-1-768x525.jpg 768w, https:\/\/effectivelifevision.org\/wp-content\/uploads\/2023\/03\/Featured-Images-1-300x205.jpg 300w, https:\/\/effectivelifevision.org\/wp-content\/uploads\/2023\/03\/Featured-Images-1-1024x700.jpg 1024w, https:\/\/effectivelifevision.org\/wp-content\/uploads\/2023\/03\/Featured-Images-1-1536x1049.jpg 1536w, https:\/\/effectivelifevision.org\/wp-content\/uploads\/2023\/03\/Featured-Images-1-2048x1399.jpg 2048w\" sizes=\"(max-width: 768px) 100vw, 768px\" \/><\/div>\n\t\t<\/a>\n\t\t\t\t<div class=\"elementor-post__text\">\n\t\t\t\t<h3 class=\"elementor-post__title\">\n\t\t\t<a href=\"https:\/\/effectivelifevision.org\/?p=421\" target=&quot;_blank&quot;>\n\t\t\t\tVisite de la d\u00e9l\u00e9gation de Tearfund Netherland&#8230;\t\t\t<\/a>\n\t\t<\/h3>\n\t\t\t\t<div class=\"elementor-post__meta-data\">\n\t\t\t\t\t<span class=\"elementor-post-author\">\n\t\t\teffectivelifevision\t\t<\/span>\n\t\t\t\t<span class=\"elementor-post-avatar\">\n\t\t\tNo Comments\t\t<\/span>\n\t\t\t\t<\/div>\n\t\t\t\t<div class=\"elementor-post__excerpt\">\n\t\t\t<p>Visite de la d\u00e9l\u00e9gation de Tearfund Netherland (Pays- Bas), bailleur du Projet d&#8217;Autonomisation des Jeunes \u00e0 travers l&#8217;Entrepreneuriat Vert, ex\u00e9cut\u00e9 par Effective Life Vision depuis<\/p>\n\t\t<\/div>\n\t\t\n\t\t<a class=\"elementor-post__read-more\" href=\"https:\/\/effectivelifevision.org\/?p=421\" aria-label=\"Read more about Visite de la d\u00e9l\u00e9gation de Tearfund Netherland&#8230;\" tabindex=\"-1\" target=\"_blank\">\n\t\t\tEn Savoir Plus \u00bb\t\t<\/a>\n\n\t\t\t\t<\/div>\n\t\t\t\t<\/article>\n\t\t\t\t<article class=\"elementor-post elementor-grid-item post-404 post type-post status-publish format-standard has-post-thumbnail hentry category-accueil\" role=\"listitem\">\n\t\t\t\t<a class=\"elementor-post__thumbnail__link\" href=\"https:\/\/effectivelifevision.org\/?p=404\" tabindex=\"-1\" target=&quot;_blank&quot;>\n\t\t\t<div class=\"elementor-post__thumbnail\"><img decoding=\"async\" width=\"768\" height=\"525\" src=\"https:\/\/effectivelifevision.org\/wp-content\/uploads\/2023\/03\/Featured-Images-4-768x525.jpg\" class=\"attachment-medium_large size-medium_large wp-image-480\" alt=\"\" srcset=\"https:\/\/effectivelifevision.org\/wp-content\/uploads\/2023\/03\/Featured-Images-4-768x525.jpg 768w, https:\/\/effectivelifevision.org\/wp-content\/uploads\/2023\/03\/Featured-Images-4-300x205.jpg 300w, https:\/\/effectivelifevision.org\/wp-content\/uploads\/2023\/03\/Featured-Images-4-1024x700.jpg 1024w, https:\/\/effectivelifevision.org\/wp-content\/uploads\/2023\/03\/Featured-Images-4-1536x1049.jpg 1536w, https:\/\/effectivelifevision.org\/wp-content\/uploads\/2023\/03\/Featured-Images-4-2048x1399.jpg 2048w\" sizes=\"(max-width: 768px) 100vw, 768px\" \/><\/div>\n\t\t<\/a>\n\t\t\t\t<div class=\"elementor-post__text\">\n\t\t\t\t<h3 class=\"elementor-post__title\">\n\t\t\t<a href=\"https:\/\/effectivelifevision.org\/?p=404\" target=&quot;_blank&quot;>\n\t\t\t\tVisite du responsable du Cluster Wash de l&#8217;UNICEF&#8230;\t\t\t<\/a>\n\t\t<\/h3>\n\t\t\t\t<div class=\"elementor-post__meta-data\">\n\t\t\t\t\t<span class=\"elementor-post-author\">\n\t\t\teffectivelifevision\t\t<\/span>\n\t\t\t\t<span class=\"elementor-post-avatar\">\n\t\t\tNo Comments\t\t<\/span>\n\t\t\t\t<\/div>\n\t\t\t\t<div class=\"elementor-post__excerpt\">\n\t\t\t<p>Visite du responsable du Cluster Wash de l&#8217;UNICEF RDC aux diff\u00e9rents sites de forage d\u2019eaux potable r\u00e9alis\u00e9s par ELVision sous le financement de Tearfund pour<\/p>\n\t\t<\/div>\n\t\t\n\t\t<a class=\"elementor-post__read-more\" href=\"https:\/\/effectivelifevision.org\/?p=404\" aria-label=\"Read more about Visite du responsable du Cluster Wash de l&#8217;UNICEF&#8230;\" tabindex=\"-1\" target=\"_blank\">\n\t\t\tEn Savoir Plus \u00bb\t\t<\/a>\n\n\t\t\t\t<\/div>\n\t\t\t\t<\/article>\n\t\t\t\t<article class=\"elementor-post elementor-grid-item post-393 post type-post status-publish format-standard has-post-thumbnail hentry category-accueil\" role=\"listitem\">\n\t\t\t\t<a class=\"elementor-post__thumbnail__link\" href=\"https:\/\/effectivelifevision.org\/?p=393\" tabindex=\"-1\" target=&quot;_blank&quot;>\n\t\t\t<div class=\"elementor-post__thumbnail\"><img decoding=\"async\" width=\"768\" height=\"525\" src=\"https:\/\/effectivelifevision.org\/wp-content\/uploads\/2023\/03\/Featured-Images-2-768x525.jpg\" class=\"attachment-medium_large size-medium_large wp-image-478\" alt=\"\" srcset=\"https:\/\/effectivelifevision.org\/wp-content\/uploads\/2023\/03\/Featured-Images-2-768x525.jpg 768w, https:\/\/effectivelifevision.org\/wp-content\/uploads\/2023\/03\/Featured-Images-2-300x205.jpg 300w, https:\/\/effectivelifevision.org\/wp-content\/uploads\/2023\/03\/Featured-Images-2-1024x700.jpg 1024w, https:\/\/effectivelifevision.org\/wp-content\/uploads\/2023\/03\/Featured-Images-2-1536x1049.jpg 1536w, https:\/\/effectivelifevision.org\/wp-content\/uploads\/2023\/03\/Featured-Images-2-2048x1399.jpg 2048w\" sizes=\"(max-width: 768px) 100vw, 768px\" \/><\/div>\n\t\t<\/a>\n\t\t\t\t<div class=\"elementor-post__text\">\n\t\t\t\t<h3 class=\"elementor-post__title\">\n\t\t\t<a href=\"https:\/\/effectivelifevision.org\/?p=393\" target=&quot;_blank&quot;>\n\t\t\t\tDescente du cluster wash hub&#8230;\t\t\t<\/a>\n\t\t<\/h3>\n\t\t\t\t<div class=\"elementor-post__meta-data\">\n\t\t\t\t\t<span class=\"elementor-post-author\">\n\t\t\teffectivelifevision\t\t<\/span>\n\t\t\t\t<span class=\"elementor-post-avatar\">\n\t\t\tNo Comments\t\t<\/span>\n\t\t\t\t<\/div>\n\t\t\t\t<div class=\"elementor-post__excerpt\">\n\t\t\t<p>En date du 13 septembre 2022, les membres du CLUSTER WASH HUB de la RDC avec WATER MISSION et UNICEF ont effectu\u00e9 une visite d\u2019apprentissage<\/p>\n\t\t<\/div>\n\t\t\n\t\t<a class=\"elementor-post__read-more\" href=\"https:\/\/effectivelifevision.org\/?p=393\" aria-label=\"Read more about Descente du cluster wash hub&#8230;\" tabindex=\"-1\" target=\"_blank\">\n\t\t\tEn Savoir Plus \u00bb\t\t<\/a>\n\n\t\t\t\t<\/div>\n\t\t\t\t<\/article>\n\t\t\t\t<article class=\"elementor-post elementor-grid-item post-269 post type-post status-publish format-standard has-post-thumbnail hentry category-accueil\" role=\"listitem\">\n\t\t\t\t<a class=\"elementor-post__thumbnail__link\" href=\"https:\/\/effectivelifevision.org\/?p=269\" tabindex=\"-1\" target=&quot;_blank&quot;>\n\t\t\t<div class=\"elementor-post__thumbnail\"><img loading=\"lazy\" decoding=\"async\" width=\"768\" height=\"525\" src=\"https:\/\/effectivelifevision.org\/wp-content\/uploads\/2023\/03\/Featured-Images-3-768x525.jpg\" class=\"attachment-medium_large size-medium_large wp-image-479\" alt=\"\" srcset=\"https:\/\/effectivelifevision.org\/wp-content\/uploads\/2023\/03\/Featured-Images-3-768x525.jpg 768w, https:\/\/effectivelifevision.org\/wp-content\/uploads\/2023\/03\/Featured-Images-3-300x205.jpg 300w, https:\/\/effectivelifevision.org\/wp-content\/uploads\/2023\/03\/Featured-Images-3-1024x700.jpg 1024w, https:\/\/effectivelifevision.org\/wp-content\/uploads\/2023\/03\/Featured-Images-3-1536x1049.jpg 1536w, https:\/\/effectivelifevision.org\/wp-content\/uploads\/2023\/03\/Featured-Images-3-2048x1399.jpg 2048w\" sizes=\"(max-width: 768px) 100vw, 768px\" \/><\/div>\n\t\t<\/a>\n\t\t\t\t<div class=\"elementor-post__text\">\n\t\t\t\t<h3 class=\"elementor-post__title\">\n\t\t\t<a href=\"https:\/\/effectivelifevision.org\/?p=269\" target=&quot;_blank&quot;>\n\t\t\t\tProjet: Promotion de l\u2019agriculture urbaine&#8230;\t\t\t<\/a>\n\t\t<\/h3>\n\t\t\t\t<div class=\"elementor-post__meta-data\">\n\t\t\t\t\t<span class=\"elementor-post-author\">\n\t\t\teffectivelifevision\t\t<\/span>\n\t\t\t\t<span class=\"elementor-post-avatar\">\n\t\t\tNo Comments\t\t<\/span>\n\t\t\t\t<\/div>\n\t\t\t\t<div class=\"elementor-post__excerpt\">\n\t\t\t<p>Le projet de promotion de l\u2019agriculture urbaine \u00e0 Goma vise \u00e0 aider \u00e0 la production des vivres frais localement dans notre ville, et r\u00e9duire la<\/p>\n\t\t<\/div>\n\t\t\n\t\t<a class=\"elementor-post__read-more\" href=\"https:\/\/effectivelifevision.org\/?p=269\" aria-label=\"Read more about Projet: Promotion de l\u2019agriculture urbaine&#8230;\" tabindex=\"-1\" target=\"_blank\">\n\t\t\tEn Savoir Plus \u00bb\t\t<\/a>\n\n\t\t\t\t<\/div>\n\t\t\t\t<\/article>\n\t\t\t\t<\/div>\n\t\t\n\t\t\t\t\t\t<\/div>\n\t\t\t\t<\/div>\n\t\t\t\t\t<\/div>\n\t\t<\/div>\n\t\t\t\t\t<\/div>\n\t\t<\/section>\n\t\t\t\t<\/div>\n\t\t","protected":false},"excerpt":{"rendered":"<p>Nous travaillons pour transformation sociale \u00e0 travers une approche holistique\u2026<\/p>\n","protected":false},"author":1,"featured_media":0,"parent":0,"menu_order":0,"comment_status":"closed","ping_status":"closed","template":"","meta":{"footnotes":""},"class_list":["post-19","page","type-page","status-publish","hentry"],"_links":{"self":[{"href":"https:\/\/effectivelifevision.org\/index.php?rest_route=\/wp\/v2\/pages\/19","targetHints":{"allow":["GET"]}}],"collection":[{"href":"https:\/\/effectivelifevision.org\/index.php?rest_route=\/wp\/v2\/pages"}],"about":[{"href":"https:\/\/effectivelifevision.org\/index.php?rest_route=\/wp\/v2\/types\/page"}],"author":[{"embeddable":true,"href":"https:\/\/effectivelifevision.org\/index.php?rest_route=\/wp\/v2\/users\/1"}],"replies":[{"embeddable":true,"href":"https:\/\/effectivelifevision.org\/index.php?rest_route=%2Fwp%2Fv2%2Fcomments&post=19"}],"version-history":[{"count":25,"href":"https:\/\/effectivelifevision.org\/index.php?rest_route=\/wp\/v2\/pages\/19\/revisions"}],"predecessor-version":[{"id":589,"href":"https:\/\/effectivelifevision.org\/index.php?rest_route=\/wp\/v2\/pages\/19\/revisions\/589"}],"wp:attachment":[{"href":"https:\/\/effectivelifevision.org\/index.php?rest_route=%2Fwp%2Fv2%2Fmedia&parent=19"}],"curies":[{"name":"wp","href":"https:\/\/api.w.org\/{rel}","templated":true}]}}