{"id":722,"date":"2023-04-24T10:05:18","date_gmt":"2023-04-24T10:05:18","guid":{"rendered":"https:\/\/www.effectivelifevision.org\/?page_id=722"},"modified":"2023-04-24T11:59:22","modified_gmt":"2023-04-24T11:59:22","slug":"nkinzo-hilaire","status":"publish","type":"page","link":"https:\/\/effectivelifevision.org\/?page_id=722","title":{"rendered":"NKINZO Hilaire"},"content":{"rendered":"\t\t<div data-elementor-type=\"wp-page\" data-elementor-id=\"722\" class=\"elementor elementor-722\" data-elementor-post-type=\"page\">\n\t\t\t\t\t\t<section class=\"elementor-section elementor-top-section elementor-element elementor-element-d8a7936 elementor-section-boxed elementor-section-height-default elementor-section-height-default\" data-id=\"d8a7936\" data-element_type=\"section\">\n\t\t\t\t\t\t<div class=\"elementor-container elementor-column-gap-default\">\n\t\t\t\t\t<div class=\"elementor-column elementor-col-100 elementor-top-column elementor-element elementor-element-fceacb8\" data-id=\"fceacb8\" data-element_type=\"column\" data-settings=\"{&quot;background_background&quot;:&quot;classic&quot;}\">\n\t\t\t<div class=\"elementor-widget-wrap elementor-element-populated\">\n\t\t\t\t\t\t<div class=\"elementor-element elementor-element-99c5dfe elementor-widget elementor-widget-heading\" data-id=\"99c5dfe\" data-element_type=\"widget\" data-widget_type=\"heading.default\">\n\t\t\t\t<div class=\"elementor-widget-container\">\n\t\t\t\t\t<h2 class=\"elementor-heading-title elementor-size-default\">MAKALA PROPRE pour l\u2019entreprenariat vert<\/h2>\t\t\t\t<\/div>\n\t\t\t\t<\/div>\n\t\t\t\t\t<\/div>\n\t\t<\/div>\n\t\t\t\t\t<\/div>\n\t\t<\/section>\n\t\t\t\t<section class=\"elementor-section elementor-top-section elementor-element elementor-element-ca7f1c5 elementor-section-boxed elementor-section-height-default elementor-section-height-default\" data-id=\"ca7f1c5\" data-element_type=\"section\">\n\t\t\t\t\t\t<div class=\"elementor-container elementor-column-gap-default\">\n\t\t\t\t\t<div class=\"elementor-column elementor-col-33 elementor-top-column elementor-element elementor-element-5ca54ff\" data-id=\"5ca54ff\" data-element_type=\"column\">\n\t\t\t<div class=\"elementor-widget-wrap elementor-element-populated\">\n\t\t\t\t\t\t<div class=\"elementor-element elementor-element-d8ee1d6 elementor-invisible elementor-widget elementor-widget-image\" data-id=\"d8ee1d6\" data-element_type=\"widget\" data-settings=\"{&quot;_animation&quot;:&quot;fadeInDown&quot;}\" data-widget_type=\"image.default\">\n\t\t\t\t<div class=\"elementor-widget-container\">\n\t\t\t\t\t\t\t\t\t\t\t\t\t\t\t<img fetchpriority=\"high\" decoding=\"async\" width=\"768\" height=\"1024\" src=\"https:\/\/effectivelifevision.org\/wp-content\/uploads\/2023\/04\/m-768x1024.jpg\" class=\"attachment-large size-large wp-image-729\" alt=\"\" srcset=\"https:\/\/effectivelifevision.org\/wp-content\/uploads\/2023\/04\/m-768x1024.jpg 768w, https:\/\/effectivelifevision.org\/wp-content\/uploads\/2023\/04\/m-225x300.jpg 225w, https:\/\/effectivelifevision.org\/wp-content\/uploads\/2023\/04\/m.jpg 960w\" sizes=\"(max-width: 768px) 100vw, 768px\" \/>\t\t\t\t\t\t\t\t\t\t\t\t\t\t\t<\/div>\n\t\t\t\t<\/div>\n\t\t\t\t\t<\/div>\n\t\t<\/div>\n\t\t\t\t<div class=\"elementor-column elementor-col-66 elementor-top-column elementor-element elementor-element-7bc8eaf\" data-id=\"7bc8eaf\" data-element_type=\"column\">\n\t\t\t<div class=\"elementor-widget-wrap elementor-element-populated\">\n\t\t\t\t\t\t<div class=\"elementor-element elementor-element-bc96555 elementor-invisible elementor-widget elementor-widget-heading\" data-id=\"bc96555\" data-element_type=\"widget\" data-settings=\"{&quot;_animation&quot;:&quot;fadeInDown&quot;}\" data-widget_type=\"heading.default\">\n\t\t\t\t<div class=\"elementor-widget-container\">\n\t\t\t\t\t<h2 class=\"elementor-heading-title elementor-size-default\">NKINZO Hilaire<\/h2>\t\t\t\t<\/div>\n\t\t\t\t<\/div>\n\t\t\t\t<div class=\"elementor-element elementor-element-d77abfc elementor-invisible elementor-widget elementor-widget-text-editor\" data-id=\"d77abfc\" data-element_type=\"widget\" data-settings=\"{&quot;_animation&quot;:&quot;fadeInDown&quot;}\" data-widget_type=\"text-editor.default\">\n\t\t\t\t<div class=\"elementor-widget-container\">\n\t\t\t\t\t\t\t\t\t<p>Hilaire Nkizo est un jeune entrepreneur vert bas\u00e9 \u00e0 Goma, en R\u00e9publique d\u00e9mocratique du Congo (RDC). Il est le fondateur et PDG de PLANET AND ARTS, une entreprise qui, entre autres services, propose une solution \u00e9cologique et pratique aux probl\u00e8mes de qualit\u00e9 insuffisante, d&#8217;insuffisance, de raret\u00e9 et de co\u00fbt \u00e9lev\u00e9 des sources d&#8217;\u00e9nergie pour la cuisson dans la ville de Goma.<\/p><p>Le projet MAKALA PROPRE que porte Hilaire est n\u00e9 de son observation des difficult\u00e9s quotidiennes auxquelles les habitants de Goma sont confront\u00e9s en raison du manque d&#8217;acc\u00e8s \u00e0 des sources d&#8217;\u00e9nergie de cuisson propres et abordables. Il a constat\u00e9 comment de nombreux foyers d\u00e9pendent du charbon de bois et du bois, ce qui entra\u00eene la d\u00e9forestation, la pollution de l&#8217;air et des probl\u00e8mes de sant\u00e9.<\/p><p>Pouss\u00e9 par sa passion pour la durabilit\u00e9 environnementale et son d\u00e9sir de faire une diff\u00e9rence, Hilaire a d\u00e9cid\u00e9 de cr\u00e9er une solution qui s&#8217;attaquera \u00e0 ces probl\u00e8mes. La solution qu&#8217;il propose consiste \u00e0 produire et distribuer de braises (briquettes \u00e9cologiques) non-fumig\u00e8nes \u00e0 partir de d\u00e9chets v\u00e9g\u00e9taux, abordables et respectueuses de l&#8217;environnement aux habitants de Goma. L&#8217;entreprise offre \u00e9galement la possibilit\u00e9 de livraison \u00e0 domicile pour plus de praticit\u00e9 pour ses clients, offrant ainsi un moyen plus propre et plus efficace de cuisiner.<\/p>\t\t\t\t\t\t\t\t<\/div>\n\t\t\t\t<\/div>\n\t\t\t\t\t<\/div>\n\t\t<\/div>\n\t\t\t\t\t<\/div>\n\t\t<\/section>\n\t\t\t\t<section class=\"elementor-section elementor-top-section elementor-element elementor-element-9688468 elementor-section-boxed elementor-section-height-default elementor-section-height-default\" data-id=\"9688468\" data-element_type=\"section\">\n\t\t\t\t\t\t<div class=\"elementor-container elementor-column-gap-default\">\n\t\t\t\t\t<div class=\"elementor-column elementor-col-16 elementor-top-column elementor-element elementor-element-5e854c1\" data-id=\"5e854c1\" data-element_type=\"column\">\n\t\t\t<div class=\"elementor-widget-wrap\">\n\t\t\t\t\t\t\t<\/div>\n\t\t<\/div>\n\t\t\t\t<div class=\"elementor-column elementor-col-66 elementor-top-column elementor-element elementor-element-48def18\" data-id=\"48def18\" data-element_type=\"column\">\n\t\t\t<div class=\"elementor-widget-wrap elementor-element-populated\">\n\t\t\t\t\t\t<div class=\"elementor-element elementor-element-2c02f5e elementor-invisible elementor-widget elementor-widget-text-editor\" data-id=\"2c02f5e\" data-element_type=\"widget\" data-settings=\"{&quot;_animation&quot;:&quot;fadeInDown&quot;}\" data-widget_type=\"text-editor.default\">\n\t\t\t\t<div class=\"elementor-widget-container\">\n\t\t\t\t\t\t\t\t\t<p>Hilaire est un entrepreneur ambitieux dont la vision est de devenir le leader dans la production et la commercialisation des braises \u00e9cologiques en RDC, tout en offrant des solutions innovantes et durables pour r\u00e9pondre aux besoins \u00e9nerg\u00e9tiques de ses clients. Il s&#8217;agit d&#8217;un objectif ambitieux et admirable qui n\u00e9cessite du temps, de l&#8217;engagement et du financement.<\/p><p>Gr\u00e2ce \u00e0 sa participation \u00e0 une des conf\u00e9rences d&#8217;\u00e9veil sur l&#8217;auto-emploi et l&#8217;entrepreneuriat vert organis\u00e9e par Effective Life Vision, et \u00e0 l\u2019issue de laquelle son projet a \u00e9t\u00e9 retenu, Hilaire a pu b\u00e9n\u00e9ficier d&#8217;un accompagnement qui comprenait des formations et un acc\u00e8s \u00e0 un espace de coworking dans le cadre du Projet d&#8217;Autonomisation des Jeunes \u00e0 travers l&#8217;Entrepreneuriat Vert. Cet accompagnement a permis \u00e0 Hilaire d&#8217;am\u00e9liorer ses comp\u00e9tences en mati\u00e8re d&#8217;entrepreneuriat et d&#8217;\u00e9laborer un plan d&#8217;affaires solide pour son entreprise. Bien qu&#8217;il n&#8217;ait pas encore obtenu le financement n\u00e9cessaire pour lancer la production de ses braises \u00e9cologiques, Hilaire est confiant qu&#8217;il pourra y parvenir en utilisant les comp\u00e9tences et les connaissances acquises.<\/p>\t\t\t\t\t\t\t\t<\/div>\n\t\t\t\t<\/div>\n\t\t\t\t\t<\/div>\n\t\t<\/div>\n\t\t\t\t<div class=\"elementor-column elementor-col-16 elementor-top-column elementor-element elementor-element-bf8f19f\" data-id=\"bf8f19f\" data-element_type=\"column\">\n\t\t\t<div class=\"elementor-widget-wrap\">\n\t\t\t\t\t\t\t<\/div>\n\t\t<\/div>\n\t\t\t\t\t<\/div>\n\t\t<\/section>\n\t\t\t\t<section class=\"elementor-section elementor-top-section elementor-element elementor-element-1cbed34 elementor-section-boxed elementor-section-height-default elementor-section-height-default\" data-id=\"1cbed34\" data-element_type=\"section\">\n\t\t\t\t\t\t<div class=\"elementor-container elementor-column-gap-default\">\n\t\t\t\t\t<div class=\"elementor-column elementor-col-25 elementor-top-column elementor-element elementor-element-6c31bce\" data-id=\"6c31bce\" data-element_type=\"column\">\n\t\t\t<div class=\"elementor-widget-wrap\">\n\t\t\t\t\t\t\t<\/div>\n\t\t<\/div>\n\t\t\t\t<div class=\"elementor-column elementor-col-50 elementor-top-column elementor-element elementor-element-6e69243\" data-id=\"6e69243\" data-element_type=\"column\">\n\t\t\t<div class=\"elementor-widget-wrap elementor-element-populated\">\n\t\t\t\t\t\t<div class=\"elementor-element elementor-element-e7be643 elementor-share-buttons--view-icon-text elementor-share-buttons--skin-gradient elementor-share-buttons--shape-square elementor-grid-0 elementor-share-buttons--color-official elementor-invisible elementor-widget elementor-widget-share-buttons\" data-id=\"e7be643\" data-element_type=\"widget\" data-settings=\"{&quot;_animation&quot;:&quot;fadeIn&quot;}\" data-widget_type=\"share-buttons.default\">\n\t\t\t\t<div class=\"elementor-widget-container\">\n\t\t\t\t\t\t\t<div class=\"elementor-grid\" role=\"list\">\n\t\t\t\t\t\t\t\t<div class=\"elementor-grid-item\" role=\"listitem\">\n\t\t\t\t\t\t<div class=\"elementor-share-btn elementor-share-btn_facebook\" role=\"button\" tabindex=\"0\" aria-label=\"Share on facebook\">\n\t\t\t\t\t\t\t\t\t\t\t\t\t\t\t<span class=\"elementor-share-btn__icon\">\n\t\t\t\t\t\t\t\t<i class=\"fab fa-facebook\" aria-hidden=\"true\"><\/i>\t\t\t\t\t\t\t<\/span>\n\t\t\t\t\t\t\t\t\t\t\t\t\t\t\t\t\t\t\t\t\t\t<div class=\"elementor-share-btn__text\">\n\t\t\t\t\t\t\t\t\t\t\t\t\t\t\t\t\t\t\t<span class=\"elementor-share-btn__title\">\n\t\t\t\t\t\t\t\t\t\tFacebook\t\t\t\t\t\t\t\t\t<\/span>\n\t\t\t\t\t\t\t\t\t\t\t\t\t\t\t\t\t<\/div>\n\t\t\t\t\t\t\t\t\t\t\t\t\t<\/div>\n\t\t\t\t\t<\/div>\n\t\t\t\t\t\t\t\t\t<div class=\"elementor-grid-item\" role=\"listitem\">\n\t\t\t\t\t\t<div class=\"elementor-share-btn elementor-share-btn_twitter\" role=\"button\" tabindex=\"0\" aria-label=\"Share on twitter\">\n\t\t\t\t\t\t\t\t\t\t\t\t\t\t\t<span class=\"elementor-share-btn__icon\">\n\t\t\t\t\t\t\t\t<i class=\"fab fa-twitter\" aria-hidden=\"true\"><\/i>\t\t\t\t\t\t\t<\/span>\n\t\t\t\t\t\t\t\t\t\t\t\t\t\t\t\t\t\t\t\t\t\t<div class=\"elementor-share-btn__text\">\n\t\t\t\t\t\t\t\t\t\t\t\t\t\t\t\t\t\t\t<span class=\"elementor-share-btn__title\">\n\t\t\t\t\t\t\t\t\t\tTwitter\t\t\t\t\t\t\t\t\t<\/span>\n\t\t\t\t\t\t\t\t\t\t\t\t\t\t\t\t\t<\/div>\n\t\t\t\t\t\t\t\t\t\t\t\t\t<\/div>\n\t\t\t\t\t<\/div>\n\t\t\t\t\t\t\t\t\t<div class=\"elementor-grid-item\" role=\"listitem\">\n\t\t\t\t\t\t<div class=\"elementor-share-btn elementor-share-btn_linkedin\" role=\"button\" tabindex=\"0\" aria-label=\"Share on linkedin\">\n\t\t\t\t\t\t\t\t\t\t\t\t\t\t\t<span class=\"elementor-share-btn__icon\">\n\t\t\t\t\t\t\t\t<i class=\"fab fa-linkedin\" aria-hidden=\"true\"><\/i>\t\t\t\t\t\t\t<\/span>\n\t\t\t\t\t\t\t\t\t\t\t\t\t\t\t\t\t\t\t\t\t\t<div class=\"elementor-share-btn__text\">\n\t\t\t\t\t\t\t\t\t\t\t\t\t\t\t\t\t\t\t<span class=\"elementor-share-btn__title\">\n\t\t\t\t\t\t\t\t\t\tLinkedIn\t\t\t\t\t\t\t\t\t<\/span>\n\t\t\t\t\t\t\t\t\t\t\t\t\t\t\t\t\t<\/div>\n\t\t\t\t\t\t\t\t\t\t\t\t\t<\/div>\n\t\t\t\t\t<\/div>\n\t\t\t\t\t\t<\/div>\n\t\t\t\t\t\t<\/div>\n\t\t\t\t<\/div>\n\t\t\t\t\t<\/div>\n\t\t<\/div>\n\t\t\t\t<div class=\"elementor-column elementor-col-25 elementor-top-column elementor-element elementor-element-e7580bb\" data-id=\"e7580bb\" data-element_type=\"column\">\n\t\t\t<div class=\"elementor-widget-wrap\">\n\t\t\t\t\t\t\t<\/div>\n\t\t<\/div>\n\t\t\t\t\t<\/div>\n\t\t<\/section>\n\t\t\t\t<\/div>\n\t\t","protected":false},"excerpt":{"rendered":"<p>MAKALA PROPRE pour l\u2019entreprenariat vert NKINZO Hilaire Hilaire Nkizo est un jeune entrepreneur vert bas\u00e9 \u00e0 Goma, en R\u00e9publique d\u00e9mocratique du Congo (RDC). Il est le fondateur et PDG de PLANET AND ARTS, une entreprise qui, entre autres services, propose une solution \u00e9cologique et pratique aux probl\u00e8mes de qualit\u00e9 insuffisante, d&#8217;insuffisance, de raret\u00e9 et de [&hellip;]<\/p>\n","protected":false},"author":1,"featured_media":0,"parent":0,"menu_order":0,"comment_status":"closed","ping_status":"closed","template":"","meta":{"footnotes":""},"class_list":["post-722","page","type-page","status-publish","hentry"],"_links":{"self":[{"href":"https:\/\/effectivelifevision.org\/index.php?rest_route=\/wp\/v2\/pages\/722","targetHints":{"allow":["GET"]}}],"collection":[{"href":"https:\/\/effectivelifevision.org\/index.php?rest_route=\/wp\/v2\/pages"}],"about":[{"href":"https:\/\/effectivelifevision.org\/index.php?rest_route=\/wp\/v2\/types\/page"}],"author":[{"embeddable":true,"href":"https:\/\/effectivelifevision.org\/index.php?rest_route=\/wp\/v2\/users\/1"}],"replies":[{"embeddable":true,"href":"https:\/\/effectivelifevision.org\/index.php?rest_route=%2Fwp%2Fv2%2Fcomments&post=722"}],"version-history":[{"count":16,"href":"https:\/\/effectivelifevision.org\/index.php?rest_route=\/wp\/v2\/pages\/722\/revisions"}],"predecessor-version":[{"id":810,"href":"https:\/\/effectivelifevision.org\/index.php?rest_route=\/wp\/v2\/pages\/722\/revisions\/810"}],"wp:attachment":[{"href":"https:\/\/effectivelifevision.org\/index.php?rest_route=%2Fwp%2Fv2%2Fmedia&parent=722"}],"curies":[{"name":"wp","href":"https:\/\/api.w.org\/{rel}","templated":true}]}}